{"id":109,"date":"2025-05-06T20:30:00","date_gmt":"2025-05-06T18:30:00","guid":{"rendered":"https:\/\/greenflow2358.fr\/?page_id=109"},"modified":"2025-05-15T16:14:52","modified_gmt":"2025-05-15T14:14:52","slug":"about","status":"publish","type":"page","link":"https:\/\/greenflow2358.fr\/index.php\/about\/","title":{"rendered":"About"},"content":{"rendered":"<p>[et_pb_section fb_built=\u00a0\u00bb1&Prime; admin_label=\u00a0\u00bbHeader \u00a0\u00bb _builder_version=\u00a0\u00bb4.25.2&Prime; _module_preset=\u00a0\u00bb5ca0172d-92d0-465d-bd0d-1f5afa9d3ac6&Prime; custom_margin=\u00a0\u00bb||||false|false\u00a0\u00bb locked=\u00a0\u00bboff\u00a0\u00bb collapsed=\u00a0\u00bbon\u00a0\u00bb global_colors_info=\u00a0\u00bb{%22gcid-1f1bf5fb-a99d-4acc-8d9e-ddac074c158c%22:%91%22background_color_gradient_stops%22%93,%22gcid-a78660e1-cfc7-4771-a566-6834d6a7f06a%22:%91%22background_color_gradient_stops%22%93,%22gcid-24b0db87-dafa-47d9-995f-b90181e18c52%22:%91%22background_color_gradient_stops%22%93}\u00a0\u00bb][et_pb_row _builder_version=\u00a0\u00bb4.25.1&Prime; _module_preset=\u00a0\u00bbdefault\u00a0\u00bb custom_padding=\u00a0\u00bb15px|||||\u00a0\u00bb global_colors_info=\u00a0\u00bb{}\u00a0\u00bb][et_pb_column type=\u00a0\u00bb4_4&Prime; _builder_version=\u00a0\u00bb4.25.1&Prime; _module_preset=\u00a0\u00bbdefault\u00a0\u00bb global_colors_info=\u00a0\u00bb{}\u00a0\u00bb][et_pb_heading title=\u00a0\u00bbA propos de nous \u00a0\u00bb _builder_version=\u00a0\u00bb4.27.4&Prime; _module_preset=\u00a0\u00bb5cc275b2-b54a-44e7-a32c-abf79622799f\u00a0\u00bb title_text_color=\u00a0\u00bb#FFFFFF\u00a0\u00bb title_font_size=\u00a0\u00bb47px\u00a0\u00bb custom_margin=\u00a0\u00bb||47px||false|false\u00a0\u00bb global_colors_info=\u00a0\u00bb{}\u00a0\u00bb][\/et_pb_heading][et_pb_text _builder_version=\u00a0\u00bb4.27.4&Prime; _module_preset=\u00a0\u00bba4d5bd0b-c6df-4efa-93df-b960974f4af4&Prime; global_colors_info=\u00a0\u00bb{}\u00a0\u00bb]<\/p>\n<p>GreenFlow 2.3.5.8 est une TPE fran\u00e7aise fond\u00e9e en 2009, sp\u00e9cialis\u00e9e dans la simulation num\u00e9rique tridimensionnelle appliqu\u00e9e \u00e0 l\u2019ing\u00e9nierie navale.<br data-start=\"394\" data-end=\"397\" \/>Nous mettons notre expertise au service de l\u2019hydrodynamique, de l\u2019a\u00e9rodynamique et de la mod\u00e9lisation m\u00e9canique pour accompagner la conception de navires performants et innovants.<\/p>\n<p data-start=\"578\" data-end=\"851\" class=\"\">Notre approche repose sur des outils CFD avanc\u00e9s, des partenariats techniques solides, et une attention rigoureuse port\u00e9e aux contraintes r\u00e9elles des projets.<br data-start=\"736\" data-end=\"739\" \/>Nos clients sont principalement des bureaux d\u2019\u00e9tudes et des chantiers navals, en France comme \u00e0 l\u2019international.<\/p>\n<p data-start=\"578\" data-end=\"851\" class=\"\">\n<blockquote data-start=\"988\" data-end=\"1411\">\n<p data-start=\"990\" data-end=\"1411\" class=\"\">Depuis sa cr\u00e9ation, GreenFlow a men\u00e9 plus de 80 projets pour des clients fran\u00e7ais et internationaux. Notre expertise s\u2019applique \u00e0 des configurations vari\u00e9es : yachts \u00e0 moteur, catamarans, navires \u00e0 foils, propulseurs, ou syst\u00e8mes complexes hybrides.<br data-start=\"1239\" data-end=\"1242\" \/>Gr\u00e2ce \u00e0 notre structure l\u00e9g\u00e8re et sp\u00e9cialis\u00e9e, nous offrons un accompagnement technique rigoureux, avec des solutions adapt\u00e9es aux contraintes propres \u00e0 chaque projet.<\/p>\n<\/blockquote>\n<p>[\/et_pb_text][\/et_pb_column][\/et_pb_row][et_pb_row _builder_version=\u00a0\u00bb4.27.4&Prime; _module_preset=\u00a0\u00bbdefault\u00a0\u00bb][et_pb_column _builder_version=\u00a0\u00bb4.27.4&Prime; _module_preset=\u00a0\u00bbdefault\u00a0\u00bb type=\u00a0\u00bb4_4&Prime;][et_pb_video_slider _builder_version=\u00a0\u00bb4.27.4&Prime; _module_preset=\u00a0\u00bbdefault\u00a0\u00bb hover_enabled=\u00a0\u00bb0&Prime; sticky_enabled=\u00a0\u00bb0&Prime;][et_pb_video_slider_item src=\u00a0\u00bbhttp:\/\/greenflow2358.fr\/wp-content\/uploads\/2025\/05\/VIDEO-CFD-SEAKEEPING-PC-45-HYSUCAT-OCEAN-SEA-STATE-7-1.mp4&Prime; _builder_version=\u00a0\u00bb4.27.4&Prime; _module_preset=\u00a0\u00bbdefault\u00a0\u00bb show_image_overlay=\u00a0\u00bbon\u00a0\u00bb title_text=\u00a0\u00bbVIDEO CFD SEAKEEPING PC 45 HYSUCAT OCEAN SEA STATE 7&Prime; hover_enabled=\u00a0\u00bb0&Prime; sticky_enabled=\u00a0\u00bb0&Prime;][\/et_pb_video_slider_item][\/et_pb_video_slider][\/et_pb_column][\/et_pb_row][\/et_pb_section][et_pb_section fb_built=\u00a0\u00bb1&Prime; admin_label=\u00a0\u00bbFeatures\u00a0\u00bb _builder_version=\u00a0\u00bb4.25.1&Prime; _module_preset=\u00a0\u00bbdefault\u00a0\u00bb background_color=\u00a0\u00bbgcid-ce695d38-7b45-4ff3-bae8-e54df8b6593b\u00a0\u00bb locked=\u00a0\u00bboff\u00a0\u00bb collapsed=\u00a0\u00bbon\u00a0\u00bb global_colors_info=\u00a0\u00bb{%22gcid-ce695d38-7b45-4ff3-bae8-e54df8b6593b%22:%91%22background_color%22%93}\u00a0\u00bb][et_pb_row column_structure=\u00a0\u00bb1_3,1_3,1_3&Prime; make_equal=\u00a0\u00bbon\u00a0\u00bb _builder_version=\u00a0\u00bb4.25.2&Prime; _module_preset=\u00a0\u00bbdefault\u00a0\u00bb global_colors_info=\u00a0\u00bb{}\u00a0\u00bb][et_pb_column type=\u00a0\u00bb1_3&Prime; _builder_version=\u00a0\u00bb4.25.2&Prime; _module_preset=\u00a0\u00bbb7833b95-2e9d-4a64-a14a-e265ab475b11&Prime; global_colors_info=\u00a0\u00bb{}\u00a0\u00bb][et_pb_blurb title=\u00a0\u00bbSimulation &#038; ing\u00e9nierie num\u00e9rique\u00a0\u00bb use_icon=\u00a0\u00bbon\u00a0\u00bb font_icon=\u00a0\u00bb&#xe038;||divi||400&Prime; icon_alignment=\u00a0\u00bbcenter\u00a0\u00bb _builder_version=\u00a0\u00bb4.27.4&Prime; _module_preset=\u00a0\u00bbb7803c94-927e-443d-9718-67a18695bcfd\u00a0\u00bb text_orientation=\u00a0\u00bbcenter\u00a0\u00bb global_colors_info=\u00a0\u00bb{%22gcid-d7cd5a78-aaef-4f36-82a3-4d3706015cba%22:%91%22link_text_color%22,%22link_text_color%22,%22link_text_color%22%93,%22gcid-1f1b4e15-7cc6-4e13-8154-74d77a956460%22:%91%22link_text_color%22,%22quote_text_color%22,%22quote_border_color%22,%22link_text_color%22,%22quote_text_color%22,%22quote_border_color%22%93}\u00a0\u00bb]<\/p>\n<p>Mod\u00e9lisation 3D des \u00e9coulements hydrodynamiques ou a\u00e9rodynamiques sur des structures navales vari\u00e9es, gr\u00e2ce \u00e0 des outils de simulation avanc\u00e9s.<\/p>\n<p>[\/et_pb_blurb][\/et_pb_column][et_pb_column type=\u00a0\u00bb1_3&Prime; _builder_version=\u00a0\u00bb4.25.2&Prime; _module_preset=\u00a0\u00bbb2afa376-ca13-4be9-8294-3d2b586e8a03&Prime; global_colors_info=\u00a0\u00bb{}\u00a0\u00bb][et_pb_blurb title=\u00a0\u00bb\u00e9quipe &#038; collaboration\u00a0\u00bb use_icon=\u00a0\u00bbon\u00a0\u00bb font_icon=\u00a0\u00bb&#xf0c0;||fa||900&Prime; icon_alignment=\u00a0\u00bbcenter\u00a0\u00bb _builder_version=\u00a0\u00bb4.27.4&Prime; _module_preset=\u00a0\u00bbb7803c94-927e-443d-9718-67a18695bcfd\u00a0\u00bb text_orientation=\u00a0\u00bbcenter\u00a0\u00bb locked=\u00a0\u00bboff\u00a0\u00bb global_colors_info=\u00a0\u00bb{%22gcid-d7cd5a78-aaef-4f36-82a3-4d3706015cba%22:%91%22link_text_color%22,%22link_text_color%22,%22link_text_color%22,%22link_text_color%22,%22link_text_color%22,%22link_text_color%22%93,%22gcid-1f1b4e15-7cc6-4e13-8154-74d77a956460%22:%91%22link_text_color%22,%22quote_text_color%22,%22quote_border_color%22,%22link_text_color%22,%22quote_text_color%22,%22quote_border_color%22,%22link_text_color%22,%22quote_text_color%22,%22quote_border_color%22,%22link_text_color%22,%22quote_text_color%22,%22quote_border_color%22,%22link_text_color%22,%22quote_text_color%22,%22quote_border_color%22%93}\u00a0\u00bb]<\/p>\n<p style=\"text-align: center;\">Une structure \u00e0 taille humaine, o\u00f9 l\u2019expertise technique s\u2019accompagne d\u2019un fonctionnement coll\u00e9gial et d\u2019un dialogue constant avec les clients.<\/p>\n<p>[\/et_pb_blurb][\/et_pb_column][et_pb_column type=\u00a0\u00bb1_3&Prime; _builder_version=\u00a0\u00bb4.25.2&Prime; _module_preset=\u00a0\u00bb2f76e078-1bb7-4996-84f0-517e6af7b639&Prime; global_colors_info=\u00a0\u00bb{}\u00a0\u00bb][et_pb_blurb title=\u00a0\u00bbAdaptation &#038; solutions sur mesure\u00a0\u00bb use_icon=\u00a0\u00bbon\u00a0\u00bb font_icon=\u00a0\u00bb&#xe102;||divi||400&Prime; icon_alignment=\u00a0\u00bbcenter\u00a0\u00bb _builder_version=\u00a0\u00bb4.27.4&Prime; _module_preset=\u00a0\u00bbb7803c94-927e-443d-9718-67a18695bcfd\u00a0\u00bb text_orientation=\u00a0\u00bbcenter\u00a0\u00bb locked=\u00a0\u00bboff\u00a0\u00bb global_colors_info=\u00a0\u00bb{}\u00a0\u00bb]<\/p>\n<p>Chaque mission est trait\u00e9e selon ses contraintes propres, avec des r\u00e9ponses cibl\u00e9es, con\u00e7ues sp\u00e9cifiquement pour le projet.<\/p>\n<p>[\/et_pb_blurb][\/et_pb_column][\/et_pb_row][\/et_pb_section]<\/p>\n","protected":false},"excerpt":{"rendered":"<p>GreenFlow 2.3.5.8 est une TPE fran\u00e7aise fond\u00e9e en 2009, sp\u00e9cialis\u00e9e dans la simulation num\u00e9rique tridimensionnelle appliqu\u00e9e \u00e0 l\u2019ing\u00e9nierie navale.Nous mettons notre expertise au service de l\u2019hydrodynamique, de l\u2019a\u00e9rodynamique et de la mod\u00e9lisation m\u00e9canique pour accompagner la conception de navires performants et innovants. Notre approche repose sur des outils CFD avanc\u00e9s, des partenariats techniques solides, et [&hellip;]<\/p>\n","protected":false},"author":1,"featured_media":0,"parent":0,"menu_order":0,"comment_status":"closed","ping_status":"closed","template":"","meta":{"_et_pb_use_builder":"on","_et_pb_old_content":"","_et_gb_content_width":"","footnotes":""},"class_list":["post-109","page","type-page","status-publish","hentry"],"jetpack_sharing_enabled":true,"_links":{"self":[{"href":"https:\/\/greenflow2358.fr\/index.php\/wp-json\/wp\/v2\/pages\/109","targetHints":{"allow":["GET"]}}],"collection":[{"href":"https:\/\/greenflow2358.fr\/index.php\/wp-json\/wp\/v2\/pages"}],"about":[{"href":"https:\/\/greenflow2358.fr\/index.php\/wp-json\/wp\/v2\/types\/page"}],"author":[{"embeddable":true,"href":"https:\/\/greenflow2358.fr\/index.php\/wp-json\/wp\/v2\/users\/1"}],"replies":[{"embeddable":true,"href":"https:\/\/greenflow2358.fr\/index.php\/wp-json\/wp\/v2\/comments?post=109"}],"version-history":[{"count":9,"href":"https:\/\/greenflow2358.fr\/index.php\/wp-json\/wp\/v2\/pages\/109\/revisions"}],"predecessor-version":[{"id":540,"href":"https:\/\/greenflow2358.fr\/index.php\/wp-json\/wp\/v2\/pages\/109\/revisions\/540"}],"wp:attachment":[{"href":"https:\/\/greenflow2358.fr\/index.php\/wp-json\/wp\/v2\/media?parent=109"}],"curies":[{"name":"wp","href":"https:\/\/api.w.org\/{rel}","templated":true}]}}