{"id":4,"date":"2018-03-23T17:04:03","date_gmt":"2018-03-23T16:04:03","guid":{"rendered":"http:\/\/greenflow2358.fr\/?page_id=4"},"modified":"2025-05-06T20:51:54","modified_gmt":"2025-05-06T18:51:54","slug":"greenflow-cao","status":"publish","type":"page","link":"https:\/\/greenflow2358.fr\/index.php\/greenflow-cao\/","title":{"rendered":"Conception m\u00e9canique"},"content":{"rendered":"<p>[et_pb_section admin_label=\u00a0\u00bbsection\u00a0\u00bb]<br \/>\n\t\t\t[et_pb_row admin_label=\u00a0\u00bbrow\u00a0\u00bb]<br \/>\n\t\t\t\t[et_pb_column type=\u00a0\u00bb4_4&Prime;][et_pb_text admin_label=\u00a0\u00bbText\u00a0\u00bb]Depuis la cr\u00e9ation de Greenflow2.3.5.8 en 2009, nous avons particip\u00e9 \u00e0 de nombreux projets de conception :<\/p>\n<p>Architecture d&rsquo;une hydrolienne flottante et notamment la conception de la transmission:<\/p>\n<p><img loading=\"lazy\" decoding=\"async\" class=\"alignnone wp-image-46 \" src=\"http:\/\/greenflow2358.fr\/wp-content\/uploads\/2018\/03\/vue-transmission-mk2.jpg\" alt=\"\" width=\"1375\" height=\"587\" srcset=\"https:\/\/greenflow2358.fr\/wp-content\/uploads\/2018\/03\/vue-transmission-mk2.jpg 1593w, https:\/\/greenflow2358.fr\/wp-content\/uploads\/2018\/03\/vue-transmission-mk2-300x128.jpg 300w, https:\/\/greenflow2358.fr\/wp-content\/uploads\/2018\/03\/vue-transmission-mk2-768x328.jpg 768w, https:\/\/greenflow2358.fr\/wp-content\/uploads\/2018\/03\/vue-transmission-mk2-1024x437.jpg 1024w\" sizes=\"(max-width: 1375px) 100vw, 1375px\" \/><\/p>\n<div style=\"width: 1080px;\" class=\"wp-video\"><!--[if lt IE 9]><script>document.createElement('video');<\/script><![endif]-->\n<video class=\"wp-video-shortcode\" id=\"video-4-1\" width=\"1080\" height=\"608\" preload=\"metadata\" controls=\"controls\"><source type=\"video\/mp4\" src=\"http:\/\/greenflow2358.fr\/wp-content\/uploads\/2018\/05\/anim-transmission-1.mp4?_=1\" \/><a href=\"http:\/\/greenflow2358.fr\/wp-content\/uploads\/2018\/05\/anim-transmission-1.mp4\">http:\/\/greenflow2358.fr\/wp-content\/uploads\/2018\/05\/anim-transmission-1.mp4<\/a><\/video><\/div>\n<p><img loading=\"lazy\" decoding=\"async\" class=\"alignnone wp-image-45 size-full\" src=\"http:\/\/greenflow2358.fr\/wp-content\/uploads\/2018\/03\/transmission-hydrolienne.jpg\" alt=\"\" width=\"1526\" height=\"749\" srcset=\"https:\/\/greenflow2358.fr\/wp-content\/uploads\/2018\/03\/transmission-hydrolienne.jpg 1526w, https:\/\/greenflow2358.fr\/wp-content\/uploads\/2018\/03\/transmission-hydrolienne-300x147.jpg 300w, https:\/\/greenflow2358.fr\/wp-content\/uploads\/2018\/03\/transmission-hydrolienne-768x377.jpg 768w, https:\/\/greenflow2358.fr\/wp-content\/uploads\/2018\/03\/transmission-hydrolienne-1024x503.jpg 1024w\" sizes=\"(max-width: 1526px) 100vw, 1526px\" \/><\/p>\n<p>&nbsp;<\/p>\n<p>D\u00e9finition et conception d&rsquo;un pack batterie pour un bateau \u00e9lectrique:<\/p>\n<p><img loading=\"lazy\" decoding=\"async\" class=\"alignnone wp-image-29 size-full\" src=\"http:\/\/greenflow2358.fr\/wp-content\/uploads\/2018\/03\/assemblage-composant-pack-batterie.bmp\" alt=\"\" width=\"1408\" height=\"876\" srcset=\"https:\/\/greenflow2358.fr\/wp-content\/uploads\/2018\/03\/assemblage-composant-pack-batterie.bmp 1408w, https:\/\/greenflow2358.fr\/wp-content\/uploads\/2018\/03\/assemblage-composant-pack-batterie-300x187.jpg 300w, https:\/\/greenflow2358.fr\/wp-content\/uploads\/2018\/03\/assemblage-composant-pack-batterie-768x478.jpg 768w, https:\/\/greenflow2358.fr\/wp-content\/uploads\/2018\/03\/assemblage-composant-pack-batterie-1024x637.jpg 1024w\" sizes=\"(max-width: 1408px) 100vw, 1408px\" \/>[\/et_pb_text][\/et_pb_column]<br \/>\n\t\t\t[\/et_pb_row]<br \/>\n\t\t[\/et_pb_section]<\/p>\n","protected":false},"excerpt":{"rendered":"<p>Depuis la cr\u00e9ation de Greenflow2.3.5.8 en 2009, nous avons particip\u00e9 \u00e0 de nombreux projets de conception : Architecture d&rsquo;une hydrolienne flottante et notamment la conception de la transmission: <div style=\"width: 1080px;\" class=\"wp-video\"><video class=\"wp-video-shortcode\" id=\"video-4-2\" width=\"1080\" height=\"608\" preload=\"metadata\" controls=\"controls\"><source type=\"video\/mp4\" src=\"http:\/\/greenflow2358.fr\/wp-content\/uploads\/2018\/05\/anim-transmission-1.mp4?_=2\" \/><a href=\"http:\/\/greenflow2358.fr\/wp-content\/uploads\/2018\/05\/anim-transmission-1.mp4\">http:\/\/greenflow2358.fr\/wp-content\/uploads\/2018\/05\/anim-transmission-1.mp4<\/a><\/video><\/div> &nbsp; D\u00e9finition et conception d&rsquo;un pack batterie pour un bateau \u00e9lectrique:<\/p>\n","protected":false},"author":1,"featured_media":0,"parent":0,"menu_order":0,"comment_status":"closed","ping_status":"closed","template":"","meta":{"_et_pb_use_builder":"on","_et_pb_old_content":"Depuis la cr\u00e9ation de Greenflow2.3.5.8 en 2009, nous avons particip\u00e9 \u00e0 de nombreux projets de conception :\r\n\r\nArchitecture d'une hydrolienne flottante et notamment la conception de la transmission:\r\n\r\n<img class=\"alignnone wp-image-46 \" src=\"http:\/\/greenflow2358.fr\/wp-content\/uploads\/2018\/03\/vue-transmission-mk2.jpg\" alt=\"\" width=\"1375\" height=\"587\" \/>\r\n\r\n[video width=\"1280\" height=\"720\" mp4=\"http:\/\/greenflow2358.fr\/wp-content\/uploads\/2018\/05\/anim-transmission-1.mp4\"][\/video]\r\n\r\n<img class=\"alignnone wp-image-45 size-full\" src=\"http:\/\/greenflow2358.fr\/wp-content\/uploads\/2018\/03\/transmission-hydrolienne.jpg\" alt=\"\" width=\"1526\" height=\"749\" \/>\r\n\r\n&nbsp;\r\n\r\nD\u00e9finition et conception d'un pack batterie pour un bateau \u00e9lectrique:\r\n\r\n<img class=\"alignnone wp-image-29 size-full\" src=\"http:\/\/greenflow2358.fr\/wp-content\/uploads\/2018\/03\/assemblage-composant-pack-batterie.bmp\" alt=\"\" width=\"1408\" height=\"876\" \/>","_et_gb_content_width":"","footnotes":""},"class_list":["post-4","page","type-page","status-publish","hentry"],"jetpack_sharing_enabled":true,"_links":{"self":[{"href":"https:\/\/greenflow2358.fr\/index.php\/wp-json\/wp\/v2\/pages\/4","targetHints":{"allow":["GET"]}}],"collection":[{"href":"https:\/\/greenflow2358.fr\/index.php\/wp-json\/wp\/v2\/pages"}],"about":[{"href":"https:\/\/greenflow2358.fr\/index.php\/wp-json\/wp\/v2\/types\/page"}],"author":[{"embeddable":true,"href":"https:\/\/greenflow2358.fr\/index.php\/wp-json\/wp\/v2\/users\/1"}],"replies":[{"embeddable":true,"href":"https:\/\/greenflow2358.fr\/index.php\/wp-json\/wp\/v2\/comments?post=4"}],"version-history":[{"count":10,"href":"https:\/\/greenflow2358.fr\/index.php\/wp-json\/wp\/v2\/pages\/4\/revisions"}],"predecessor-version":[{"id":163,"href":"https:\/\/greenflow2358.fr\/index.php\/wp-json\/wp\/v2\/pages\/4\/revisions\/163"}],"wp:attachment":[{"href":"https:\/\/greenflow2358.fr\/index.php\/wp-json\/wp\/v2\/media?parent=4"}],"curies":[{"name":"wp","href":"https:\/\/api.w.org\/{rel}","templated":true}]}}